{"id":4,"date":"2015-05-30T07:24:59","date_gmt":"2015-05-30T07:24:59","guid":{"rendered":"http:\/\/wydethemes.com\/flora1\/?page_id=2"},"modified":"2017-04-19T11:25:52","modified_gmt":"2017-04-19T09:25:52","slug":"sodegrave-vente-de-granulat-fecamp","status":"publish","type":"page","link":"https:\/\/sodegrave.com\/","title":{"rendered":"Sodegrave &#8211; vente de granulat f\u00e9camp"},"content":{"rendered":"<p>[vc_row row_style=\u00a0\u00bbfull-width\u00a0\u00bb padding_size=\u00a0\u00bbno-padding\u00a0\u00bb][vc_column][rev_slider_vc button_style=\u00a0\u00bb1&Prime; color=\u00a0\u00bb#000000&Prime;][\/vc_column][\/vc_row][vc_row vertical_align=\u00a0\u00bbmiddle\u00a0\u00bb padding_size=\u00a0\u00bbno-padding\u00a0\u00bb][vc_column width=\u00a0\u00bb1\/2&Prime;][vc_empty_space height=\u00a0\u00bb120px\u00a0\u00bb][vc_single_image image=\u00a0\u00bb1385&Prime; alignment=\u00a0\u00bbcenter\u00a0\u00bb][\/vc_column][vc_column width=\u00a0\u00bb1\/2&Prime;][vc_empty_space height=\u00a0\u00bb120px\u00a0\u00bb][vc_custom_heading text=\u00a0\u00bbSodegrave : L&rsquo;art\u00a0\u00bb font_container=\u00a0\u00bbtag:h2|font_size:50px|text_align:left|color:%23333333|line_height:1.1&Prime; google_fonts=\u00a0\u00bbfont_family:Montserrat%3Aregular%2C700|font_style:700%20bold%20regular%3A700%3Anormal\u00a0\u00bb text_transform=\u00a0\u00bbnone\u00a0\u00bb el_class=\u00a0\u00bboverlap-left\u00a0\u00bb animation=\u00a0\u00bbfadeInLeft\u00a0\u00bb][vc_custom_heading text=\u00a0\u00bbde la mati\u00e8re&#8230; \u00a0\u00bb font_container=\u00a0\u00bbtag:h2|font_size:50px|text_align:left|color:%23333333|line_height:1.1&Prime; google_fonts=\u00a0\u00bbfont_family:Montserrat%3Aregular%2C700|font_style:700%20bold%20regular%3A700%3Anormal\u00a0\u00bb text_transform=\u00a0\u00bbnone\u00a0\u00bb css=\u00a0\u00bb.vc_custom_1469562406700{margin-top: -15px !important;}\u00a0\u00bb el_class=\u00a0\u00bboverlap-left\u00a0\u00bb animation=\u00a0\u00bbfadeInRight\u00a0\u00bb][vc_column_text]L&rsquo;entreprise <strong>Sodegrave <\/strong>est situ\u00e9e \u00e0<strong> F\u00e9camp<\/strong> dans le d\u00e9partement de la <strong>Seine-Maritime<\/strong> et vous offre une large gamme de <strong>mat\u00e9riaux<\/strong> de qualit\u00e9 tel que des <strong>granulats<\/strong>, <strong>sables <\/strong>et<strong> graviers<\/strong>.<\/p>\n<p>Toute notre \u00e9quipe met son savoir-faire et son exp\u00e9rience au service de ses clients[\/vc_column_text][vc_empty_space height=\u00a0\u00bb120px\u00a0\u00bb][\/vc_column][\/vc_row][vc_row row_style=\u00a0\u00bbfull-width\u00a0\u00bb vertical_align=\u00a0\u00bbmiddle\u00a0\u00bb padding_size=\u00a0\u00bbno-padding\u00a0\u00bb background_color=\u00a0\u00bb#f5f5f5&Prime; bg_image_url=\u00a0\u00bbhttp:\/\/wydethemes.com\/flora1\/wp-content\/uploads\/2015\/05\/flora-bg-37.jpg\u00a0\u00bb parallax=\u00a0\u00bbreverse\u00a0\u00bb background_overlay=\u00a0\u00bbcolor\u00a0\u00bb overlay_color=\u00a0\u00bb#ffffff\u00a0\u00bb overlay_opacity=\u00a0\u00bb0.6&Prime; background_image=\u00a0\u00bb1365&Prime;][vc_column text_align=\u00a0\u00bbright\u00a0\u00bb background_color=\u00a0\u00bb#72a1b5&Prime; width=\u00a0\u00bb1\/4&Prime; el_class=\u00a0\u00bboverlap\u00a0\u00bb][vc_empty_space height=\u00a0\u00bb120px\u00a0\u00bb][vc_custom_heading text=\u00a0\u00bbSodegrave\u00a0\u00bb font_container=\u00a0\u00bbtag:h2|font_size:50px|text_align:right|color:%23333333|line_height:1.1&Prime; google_fonts=\u00a0\u00bbfont_family:Montserrat%3Aregular%2C700|font_style:700%20bold%20regular%3A700%3Anormal\u00a0\u00bb text_transform=\u00a0\u00bbnone\u00a0\u00bb animation_delay=\u00a0\u00bb0.5&Prime; el_class=\u00a0\u00bboverlap-right\u00a0\u00bb animation=\u00a0\u00bbfadeInLeft\u00a0\u00bb][vc_custom_heading text=\u00a0\u00bbVente de sable, granulat, gravier &#8230;\u00a0\u00bb font_container=\u00a0\u00bbtag:h2|font_size:50px|text_align:right|color:%23333333|line_height:1.1&Prime; google_fonts=\u00a0\u00bbfont_family:Montserrat%3Aregular%2C700|font_style:700%20bold%20regular%3A700%3Anormal\u00a0\u00bb text_transform=\u00a0\u00bbnone\u00a0\u00bb animation_delay=\u00a0\u00bb0.5&Prime; css=\u00a0\u00bb.vc_custom_1469562844463{margin-top: -15px !important;}\u00a0\u00bb el_class=\u00a0\u00bboverlap-right\u00a0\u00bb animation=\u00a0\u00bbfadeInRight\u00a0\u00bb][vc_custom_heading text=\u00a0\u00bb&amp; Location d&rsquo;\u00e9quipement + chauffeur\u00a0\u00bb font_container=\u00a0\u00bbtag:p|font_size:20px|text_align:right|color:%230a0a0a|line_height:20px\u00a0\u00bb google_fonts=\u00a0\u00bbfont_family:Noto%20Serif%3Aregular%2Citalic%2C700%2C700italic|font_style:400%20regular%3A400%3Anormal\u00a0\u00bb text_transform=\u00a0\u00bbuppercase\u00a0\u00bb letter_spacing=\u00a0\u00bb3.5px\u00a0\u00bb][vc_column_text css=\u00a0\u00bb.vc_custom_1481133012731{margin-top: -10px !important;padding-left: 10% !important;}\u00a0\u00bb]Nous vous proposons \u00e9galement une gamme de service s&rsquo;adressant aux professionnels comme aux particuliers[\/vc_column_text][vc_empty_space][wyde_link_button title=\u00a0\u00bbEn savoir plus\u00a0\u00bb icon_set=\u00a0\u00bbtypicons\u00a0\u00bb icon_typicons=\u00a0\u00bbtypcn typcn-arrow-right\u00a0\u00bb style=\u00a0\u00bbnone\u00a0\u00bb css=\u00a0\u00bb.vc_custom_1481115474402{padding-top: 0px !important;padding-right: 0px !important;padding-bottom: 0px !important;padding-left: 0px !important;}\u00a0\u00bb color=\u00a0\u00bb#943e00&Prime; link=\u00a0\u00bburl:http%3A%2F%2Fsodegrave.com%2Findex.php%2Fservices-2%2F||\u00a0\u00bb][vc_empty_space height=\u00a0\u00bb120px\u00a0\u00bb][\/vc_column][vc_column padding_size=\u00a0\u00bbno-padding\u00a0\u00bb background_color=\u00a0\u00bb#dce4e6&Prime; width=\u00a0\u00bb1\/4&Prime;][vc_column_text]<img decoding=\"async\" loading=\"lazy\" class=\"aligncenter wp-image-1400 size-full\" src=\"https:\/\/sodegrave.com\/wp-content\/uploads\/2015\/05\/8a6ea522-f523-4245-b992-2bbf67ff4c70-1200.png\" alt=\"\" width=\"1200\" height=\"688\" srcset=\"https:\/\/sodegrave.com\/wp-content\/uploads\/2015\/05\/8a6ea522-f523-4245-b992-2bbf67ff4c70-1200.png 1200w, https:\/\/sodegrave.com\/wp-content\/uploads\/2015\/05\/8a6ea522-f523-4245-b992-2bbf67ff4c70-1200-768x440.png 768w\" sizes=\"(max-width: 1200px) 100vw, 1200px\" \/>[\/vc_column_text][\/vc_column][vc_column width=\u00a0\u00bb1\/4&Prime;][wyde_info_box title=\u00a0\u00bbLIVRAISONS\u00a0\u00bb icon_set=\u00a0\u00bblinecons\u00a0\u00bb icon_linecons=\u00a0\u00bblinecons-truck\u00a0\u00bb icon_size=\u00a0\u00bblarge\u00a0\u00bb]<strong>Sodegrave<\/strong>, c&rsquo;est aussi les <strong>livraisons <\/strong>dans un rayon de 30 kilom\u00e8tres autour de <strong>F\u00e9camp<\/strong>. Nous mettons nos comp\u00e9tences au service des particuliers et des professionnel depuis 1993.[\/wyde_info_box][\/vc_column][vc_column width=\u00a0\u00bb1\/4&Prime;][wyde_info_box title=\u00a0\u00bbLOCATIONS\u00a0\u00bb icon_set=\u00a0\u00bblinecons\u00a0\u00bb icon_linecons=\u00a0\u00bblinecons-megaphone\u00a0\u00bb icon_size=\u00a0\u00bblarge\u00a0\u00bb]Nous vous proposons \u00e9galement la location de nos <strong>camions semi-bennes <\/strong>et<strong> 6X4<\/strong> avec chauffeurs ainsi que la vente de <strong>mat\u00e9riaux de travaux publics.<\/strong><\/p>\n<p>Pour tout compl\u00e9ments d&rsquo;informations sur nos prestations l&rsquo;entreprise <strong>Sodegrave <\/strong>sp\u00e9cialiste des<strong> granulats, sables et graviers<\/strong> \u00e0<strong> F\u00e9camp<\/strong>, est \u00e0 votre \u00e9coute.[\/wyde_info_box][\/vc_column][\/vc_row][vc_row padding_size=\u00a0\u00bbxl-padding\u00a0\u00bb background_color=\u00a0\u00bb#000000&Prime; bg_image_url=\u00a0\u00bbhttp:\/\/wydethemes.com\/flora1\/wp-content\/uploads\/2015\/06\/flora-bg-57.jpg\u00a0\u00bb parallax=\u00a0\u00bbfade\u00a0\u00bb background_overlay=\u00a0\u00bbcolor\u00a0\u00bb overlay_color=\u00a0\u00bb#000000&Prime; background_image=\u00a0\u00bb1879&Prime;][vc_column text_align=\u00a0\u00bbcenter\u00a0\u00bb][vc_custom_heading text=\u00a0\u00bbN&rsquo;h\u00e9sitez surtout pas \u00e0 nous contacter pour toutes informations\u00a0\u00bb font_container=\u00a0\u00bbtag:h2|font_size:28px|text_align:center|color:%23ffffff|line_height:38px\u00a0\u00bb google_fonts=\u00a0\u00bbfont_family:Lora%3Aregular%2Citalic%2C700%2C700italic|font_style:700%20bold%20italic%3A700%3Aitalic\u00a0\u00bb text_transform=\u00a0\u00bbnone\u00a0\u00bb][vc_custom_heading text=\u00a0\u00bbOu pour un rendez vous\u00a0\u00bb font_container=\u00a0\u00bbtag:h2|font_size:70px|text_align:center|color:%23ffffff|line_height:70px\u00a0\u00bb google_fonts=\u00a0\u00bbfont_family:Montserrat%3Aregular%2C700|font_style:700%20bold%20regular%3A700%3Anormal\u00a0\u00bb css=\u00a0\u00bb.vc_custom_1469563167050{margin-top: -10px !important;}\u00a0\u00bb][vc_empty_space][wyde_link_button title=\u00a0\u00bbContactez nous\u00a0\u00bb color=\u00a0\u00bb#648a99&Prime; hover_color=\u00a0\u00bb#000000&Prime; link=\u00a0\u00bburl:http%3A%2F%2Fsodegrave.com%2Findex.php%2Fcontact-us%2F||target:%20_blank\u00a0\u00bb][\/vc_column][\/vc_row][vc_row row_style=\u00a0\u00bbfull-width\u00a0\u00bb padding_size=\u00a0\u00bbs-padding\u00a0\u00bb css=\u00a0\u00bb.vc_custom_1437280088926{border-top-width: 1px !important;padding-top: 0px !important;border-top-color: #eaeaea !important;border-top-style: solid !important;}\u00a0\u00bb][vc_column text_align=\u00a0\u00bbcenter\u00a0\u00bb][wyde_icon_block icon=\u00a0\u00bbflora-icon-mountain-2&Prime; size=\u00a0\u00bblarge\u00a0\u00bb hover=\u00a0\u00bb1&Prime; bg_color=\u00a0\u00bb#000000&Prime; css=\u00a0\u00bb.vc_custom_1470496271335{margin-top: -70px !important;}\u00a0\u00bb][vc_empty_space height=\u00a0\u00bb20px\u00a0\u00bb][vc_custom_heading text=\u00a0\u00bbD\u00e9couvrez notre galerie\u00a0\u00bb font_container=\u00a0\u00bbtag:h2|font_size:40px|text_align:center|color:%23000000|line_height:40px\u00a0\u00bb google_fonts=\u00a0\u00bbfont_family:Montserrat%3Aregular%2C700|font_style:700%20bold%20regular%3A700%3Anormal\u00a0\u00bb text_transform=\u00a0\u00bbcapitalize\u00a0\u00bb][vc_empty_space][vc_empty_space height=\u00a0\u00bb10px\u00a0\u00bb][wyde_portfolio_grid view=\u00a0\u00bbw-masonry\u00a0\u00bb count=\u00a0\u00bb8&Prime; hide_filter=\u00a0\u00bbtrue\u00a0\u00bb pagination=\u00a0\u00bbhide\u00a0\u00bb posts_query=\u00a0\u00bborder_by:date|order:DESC\u00a0\u00bb][vc_empty_space height=\u00a0\u00bb25px\u00a0\u00bb][wyde_link_button title=\u00a0\u00bbAcc\u00e9der \u00e0 la gallerie\u00a0\u00bb icon_set=\u00a0\u00bbtypicons\u00a0\u00bb icon_typicons=\u00a0\u00bbtypcn typcn-arrow-right\u00a0\u00bb style=\u00a0\u00bbnone\u00a0\u00bb size=\u00a0\u00bblarge\u00a0\u00bb link=\u00a0\u00bburl:http%3A%2F%2Fsodegrave.com%2Findex.php%2Fportfolio%2F||\u00a0\u00bb][vc_empty_space height=\u00a0\u00bb10px\u00a0\u00bb][\/vc_column][\/vc_row][vc_row row_style=\u00a0\u00bbfull-width\u00a0\u00bb][vc_column width=\u00a0\u00bb1\/6&Prime;][vc_column_text]<a href=\"http:\/\/sodegrave.com\/index.php\/sodegrave-vente-de-granulat-fecamp\/\">Sodegrave granulat f\u00e9camps<\/a>[\/vc_column_text][\/vc_column][vc_column width=\u00a0\u00bb1\/6&Prime;][vc_column_text]<a href=\"http:\/\/sodegrave.com\/index.php\/portfolio\/\">Sodegrave galerie chantier<\/a>[\/vc_column_text][\/vc_column][vc_column width=\u00a0\u00bb1\/6&Prime;][vc_column_text]<a href=\"http:\/\/sodegrave.com\/index.php\/services-2\/\"> Les prestations de sodegrave <\/a>[\/vc_column_text][\/vc_column][vc_column width=\u00a0\u00bb1\/6&Prime;][vc_column_text]<a href=\"http:\/\/sodegrave.com\/index.php\/contact-us\/\">Contactez sodegrave<\/a>[\/vc_column_text][\/vc_column][vc_column width=\u00a0\u00bb1\/6&Prime;][vc_column_text]<a href=\"http:\/\/sodegrave.com\/index.php\/sodegrave-vente-de-granulat-fecamp\/\">Vente de granulat normandie<\/a>[\/vc_column_text][\/vc_column][vc_column width=\u00a0\u00bb1\/6&Prime;][vc_column_text]<a href=\"http:\/\/sodegrave.com\/\">Sodegrave: sp\u00e9cialise des granulats, sables<\/a>[\/vc_column_text][\/vc_column][\/vc_row]<\/p>\n","protected":false},"excerpt":{"rendered":"<p>[vc_row row_style=\u00a0\u00bbfull-width\u00a0\u00bb padding_size=\u00a0\u00bbno-padding\u00a0\u00bb][vc_column][rev_slider_vc button_style=\u00a0\u00bb1&Prime; color=\u00a0\u00bb#000000&Prime;][\/vc_column][\/vc_row][vc_row vertical_align=\u00a0\u00bbmiddle\u00a0\u00bb padding_size=\u00a0\u00bbno-padding\u00a0\u00bb][vc_column width=\u00a0\u00bb1\/2&Prime;][vc_empty_space height=\u00a0\u00bb120px\u00a0\u00bb][vc_single_image image=\u00a0\u00bb1385&Prime; alignment=\u00a0\u00bbcenter\u00a0\u00bb][\/vc_column][vc_column width=\u00a0\u00bb1\/2&Prime;][vc_empty_space height=\u00a0\u00bb120px\u00a0\u00bb][vc_custom_heading text=\u00a0\u00bbSodegrave : L&rsquo;art\u00a0\u00bb font_container=\u00a0\u00bbtag:h2|font_size:50px|text_align:left|color:%23333333|line_height:1.1&Prime; google_fonts=\u00a0\u00bbfont_family:Montserrat%3Aregular%2C700|font_style:700%20bold%20regular%3A700%3Anormal\u00a0\u00bb text_transform=\u00a0\u00bbnone\u00a0\u00bb el_class=\u00a0\u00bboverlap-left\u00a0\u00bb animation=\u00a0\u00bbfadeInLeft\u00a0\u00bb][vc_custom_heading text=\u00a0\u00bbde la mati\u00e8re&#8230; \u00a0\u00bb font_container=\u00a0\u00bbtag:h2|font_size:50px|text_align:left|color:%23333333|line_height:1.1&Prime; google_fonts=\u00a0\u00bbfont_family:Montserrat%3Aregular%2C700|font_style:700%20bold%20regular%3A700%3Anormal\u00a0\u00bb text_transform=\u00a0\u00bbnone\u00a0\u00bb css=\u00a0\u00bb.vc_custom_1469562406700{margin-top: -15px !important;}\u00a0\u00bb el_class=\u00a0\u00bboverlap-left\u00a0\u00bb animation=\u00a0\u00bbfadeInRight\u00a0\u00bb][vc_column_text]L&rsquo;entreprise Sodegrave est situ\u00e9e \u00e0 F\u00e9camp dans le d\u00e9partement de la Seine-Maritime et vous offre une large gamme de mat\u00e9riaux de qualit\u00e9 tel [&hellip;]<\/p>\n","protected":false},"author":1,"featured_media":0,"parent":0,"menu_order":0,"comment_status":"open","ping_status":"open","template":"","meta":[],"yoast_head":"<!-- This site is optimized with the Yoast SEO plugin v17.1 - https:\/\/yoast.com\/wordpress\/plugins\/seo\/ -->\n<meta name=\"description\" content=\"L&#039;entreprise Sodegrave est situ\u00e9e \u00e0 F\u00e9camp dans le d\u00e9partement de la Seine-Maritime et vous offre une large gamme de mat\u00e9riaux de qualit\u00e9\" \/>\n<meta name=\"robots\" content=\"index, follow, max-snippet:-1, max-image-preview:large, max-video-preview:-1\" \/>\n<link rel=\"canonical\" href=\"https:\/\/sodegrave.com\/\" \/>\n<meta property=\"og:locale\" content=\"fr_FR\" \/>\n<meta property=\"og:type\" content=\"article\" \/>\n<meta property=\"og:title\" content=\"Sodegrave -vente de Sables, cailloux, granulats F\u00e9camp\" \/>\n<meta property=\"og:description\" content=\"L&#039;entreprise Sodegrave est situ\u00e9e \u00e0 F\u00e9camp dans le d\u00e9partement de la Seine-Maritime et vous offre une large gamme de mat\u00e9riaux de qualit\u00e9\" \/>\n<meta property=\"og:url\" content=\"https:\/\/sodegrave.com\/\" \/>\n<meta property=\"og:site_name\" content=\"Sodegrave sp\u00e9cialiste des granulats, sables et graviers \u00e0 F\u00e9camp\" \/>\n<meta property=\"article:modified_time\" content=\"2017-04-19T09:25:52+00:00\" \/>\n<meta property=\"og:image\" content=\"https:\/\/sodegrave.com\/wp-content\/uploads\/2015\/05\/8a6ea522-f523-4245-b992-2bbf67ff4c70-1200.png\" \/>\n<meta name=\"twitter:card\" content=\"summary\" \/>\n<meta name=\"twitter:label1\" content=\"Dur\u00e9e de lecture est.\" \/>\n\t<meta name=\"twitter:data1\" content=\"5 minutes\" \/>\n<script type=\"application\/ld+json\" class=\"yoast-schema-graph\">{\"@context\":\"https:\/\/schema.org\",\"@graph\":[{\"@type\":\"WebSite\",\"@id\":\"https:\/\/sodegrave.com\/#website\",\"url\":\"https:\/\/sodegrave.com\/\",\"name\":\"Sodegrave sp\\u00e9cialiste des granulats, sables et graviers \\u00e0 F\\u00e9camp\",\"description\":\"l&#039;entreprise Sodegrave sp\\u00e9cialiste des granulats, sables et graviers \\u00e0 F\\u00e9camp\",\"potentialAction\":[{\"@type\":\"SearchAction\",\"target\":{\"@type\":\"EntryPoint\",\"urlTemplate\":\"https:\/\/sodegrave.com\/?s={search_term_string}\"},\"query-input\":\"required name=search_term_string\"}],\"inLanguage\":\"fr-FR\"},{\"@type\":\"ImageObject\",\"@id\":\"https:\/\/sodegrave.com\/#primaryimage\",\"inLanguage\":\"fr-FR\",\"url\":\"https:\/\/sodegrave.com\/wp-content\/uploads\/2015\/05\/8a6ea522-f523-4245-b992-2bbf67ff4c70-1200.png\",\"contentUrl\":\"https:\/\/sodegrave.com\/wp-content\/uploads\/2015\/05\/8a6ea522-f523-4245-b992-2bbf67ff4c70-1200.png\",\"width\":1200,\"height\":688},{\"@type\":\"WebPage\",\"@id\":\"https:\/\/sodegrave.com\/#webpage\",\"url\":\"https:\/\/sodegrave.com\/\",\"name\":\"Sodegrave -vente de Sables, cailloux, granulats F\\u00e9camp\",\"isPartOf\":{\"@id\":\"https:\/\/sodegrave.com\/#website\"},\"primaryImageOfPage\":{\"@id\":\"https:\/\/sodegrave.com\/#primaryimage\"},\"datePublished\":\"2015-05-30T07:24:59+00:00\",\"dateModified\":\"2017-04-19T09:25:52+00:00\",\"description\":\"L'entreprise Sodegrave est situ\\u00e9e \\u00e0 F\\u00e9camp dans le d\\u00e9partement de la Seine-Maritime et vous offre une large gamme de mat\\u00e9riaux de qualit\\u00e9\",\"breadcrumb\":{\"@id\":\"https:\/\/sodegrave.com\/#breadcrumb\"},\"inLanguage\":\"fr-FR\",\"potentialAction\":[{\"@type\":\"ReadAction\",\"target\":[\"https:\/\/sodegrave.com\/\"]}]},{\"@type\":\"BreadcrumbList\",\"@id\":\"https:\/\/sodegrave.com\/#breadcrumb\",\"itemListElement\":[{\"@type\":\"ListItem\",\"position\":1,\"name\":\"Accueil\",\"item\":\"https:\/\/sodegrave.com\/\"},{\"@type\":\"ListItem\",\"position\":2,\"name\":\"Sodegrave &#8211; vente de granulat f\\u00e9camp\"}]}]}<\/script>\n<!-- \/ Yoast SEO plugin. -->","yoast_head_json":{"description":"L'entreprise Sodegrave est situ\u00e9e \u00e0 F\u00e9camp dans le d\u00e9partement de la Seine-Maritime et vous offre une large gamme de mat\u00e9riaux de qualit\u00e9","robots":{"index":"index","follow":"follow","max-snippet":"max-snippet:-1","max-image-preview":"max-image-preview:large","max-video-preview":"max-video-preview:-1"},"canonical":"https:\/\/sodegrave.com\/","og_locale":"fr_FR","og_type":"article","og_title":"Sodegrave -vente de Sables, cailloux, granulats F\u00e9camp","og_description":"L'entreprise Sodegrave est situ\u00e9e \u00e0 F\u00e9camp dans le d\u00e9partement de la Seine-Maritime et vous offre une large gamme de mat\u00e9riaux de qualit\u00e9","og_url":"https:\/\/sodegrave.com\/","og_site_name":"Sodegrave sp\u00e9cialiste des granulats, sables et graviers \u00e0 F\u00e9camp","article_modified_time":"2017-04-19T09:25:52+00:00","og_image":[{"url":"https:\/\/sodegrave.com\/wp-content\/uploads\/2015\/05\/8a6ea522-f523-4245-b992-2bbf67ff4c70-1200.png"}],"twitter_card":"summary","twitter_misc":{"Dur\u00e9e de lecture est.":"5 minutes"},"schema":{"@context":"https:\/\/schema.org","@graph":[{"@type":"WebSite","@id":"https:\/\/sodegrave.com\/#website","url":"https:\/\/sodegrave.com\/","name":"Sodegrave sp\u00e9cialiste des granulats, sables et graviers \u00e0 F\u00e9camp","description":"l&#039;entreprise Sodegrave sp\u00e9cialiste des granulats, sables et graviers \u00e0 F\u00e9camp","potentialAction":[{"@type":"SearchAction","target":{"@type":"EntryPoint","urlTemplate":"https:\/\/sodegrave.com\/?s={search_term_string}"},"query-input":"required name=search_term_string"}],"inLanguage":"fr-FR"},{"@type":"ImageObject","@id":"https:\/\/sodegrave.com\/#primaryimage","inLanguage":"fr-FR","url":"https:\/\/sodegrave.com\/wp-content\/uploads\/2015\/05\/8a6ea522-f523-4245-b992-2bbf67ff4c70-1200.png","contentUrl":"https:\/\/sodegrave.com\/wp-content\/uploads\/2015\/05\/8a6ea522-f523-4245-b992-2bbf67ff4c70-1200.png","width":1200,"height":688},{"@type":"WebPage","@id":"https:\/\/sodegrave.com\/#webpage","url":"https:\/\/sodegrave.com\/","name":"Sodegrave -vente de Sables, cailloux, granulats F\u00e9camp","isPartOf":{"@id":"https:\/\/sodegrave.com\/#website"},"primaryImageOfPage":{"@id":"https:\/\/sodegrave.com\/#primaryimage"},"datePublished":"2015-05-30T07:24:59+00:00","dateModified":"2017-04-19T09:25:52+00:00","description":"L'entreprise Sodegrave est situ\u00e9e \u00e0 F\u00e9camp dans le d\u00e9partement de la Seine-Maritime et vous offre une large gamme de mat\u00e9riaux de qualit\u00e9","breadcrumb":{"@id":"https:\/\/sodegrave.com\/#breadcrumb"},"inLanguage":"fr-FR","potentialAction":[{"@type":"ReadAction","target":["https:\/\/sodegrave.com\/"]}]},{"@type":"BreadcrumbList","@id":"https:\/\/sodegrave.com\/#breadcrumb","itemListElement":[{"@type":"ListItem","position":1,"name":"Accueil","item":"https:\/\/sodegrave.com\/"},{"@type":"ListItem","position":2,"name":"Sodegrave &#8211; vente de granulat f\u00e9camp"}]}]}},"_links":{"self":[{"href":"https:\/\/sodegrave.com\/index.php\/wp-json\/wp\/v2\/pages\/4"}],"collection":[{"href":"https:\/\/sodegrave.com\/index.php\/wp-json\/wp\/v2\/pages"}],"about":[{"href":"https:\/\/sodegrave.com\/index.php\/wp-json\/wp\/v2\/types\/page"}],"author":[{"embeddable":true,"href":"https:\/\/sodegrave.com\/index.php\/wp-json\/wp\/v2\/users\/1"}],"replies":[{"embeddable":true,"href":"https:\/\/sodegrave.com\/index.php\/wp-json\/wp\/v2\/comments?post=4"}],"version-history":[{"count":23,"href":"https:\/\/sodegrave.com\/index.php\/wp-json\/wp\/v2\/pages\/4\/revisions"}],"predecessor-version":[{"id":1573,"href":"https:\/\/sodegrave.com\/index.php\/wp-json\/wp\/v2\/pages\/4\/revisions\/1573"}],"wp:attachment":[{"href":"https:\/\/sodegrave.com\/index.php\/wp-json\/wp\/v2\/media?parent=4"}],"curies":[{"name":"wp","href":"https:\/\/api.w.org\/{rel}","templated":true}]}}